{"id":267,"date":"2024-08-14T12:06:15","date_gmt":"2024-08-14T10:06:15","guid":{"rendered":"https:\/\/dviewpoint.com\/?page_id=267"},"modified":"2024-09-18T22:41:54","modified_gmt":"2024-09-18T20:41:54","slug":"sobre-mi","status":"publish","type":"page","link":"https:\/\/dviewpoint.com\/en\/sobre-mi\/","title":{"rendered":"Sobre m\u00ed"},"content":{"rendered":"<div data-elementor-type=\"wp-page\" data-elementor-id=\"267\" class=\"elementor elementor-267\">\n\t\t\t\t<div class=\"elementor-element elementor-element-659a9ca e-flex e-con-boxed e-con e-parent\" data-id=\"659a9ca\" data-element_type=\"container\">\n\t\t\t\t\t<div class=\"e-con-inner\">\n\t\t<div class=\"elementor-element elementor-element-646a6cc e-con-full e-flex e-con e-child\" data-id=\"646a6cc\" data-element_type=\"container\">\n\t\t\t\t<div class=\"elementor-element elementor-element-0f1bf9c elementor-widget__width-initial elementor-widget elementor-widget-image\" data-id=\"0f1bf9c\" data-element_type=\"widget\" data-widget_type=\"image.default\">\n\t\t\t\t<div class=\"elementor-widget-container\">\n\t\t\t\t\t\t\t\t\t\t\t\t\t\t\t<img fetchpriority=\"high\" decoding=\"async\" width=\"683\" height=\"1024\" src=\"https:\/\/dviewpoint.com\/wp-content\/uploads\/2024\/08\/IMG_2491-683x1024.jpg\" class=\"attachment-large size-large wp-image-274\" alt=\"escritor, cuentos, libros, historias, reflexiones, viajes, matias cichero\" srcset=\"https:\/\/dviewpoint.com\/wp-content\/uploads\/2024\/08\/IMG_2491-683x1024.jpg 683w, https:\/\/dviewpoint.com\/wp-content\/uploads\/2024\/08\/IMG_2491-200x300.jpg 200w, https:\/\/dviewpoint.com\/wp-content\/uploads\/2024\/08\/IMG_2491-8x12.jpg 8w, https:\/\/dviewpoint.com\/wp-content\/uploads\/2024\/08\/IMG_2491.jpg 746w\" sizes=\"100vw\" \/>\t\t\t\t\t\t\t\t\t\t\t\t\t\t\t<\/div>\n\t\t\t\t<\/div>\n\t\t\t\t<\/div>\n\t\t<div class=\"elementor-element elementor-element-8b82af1 e-con-full e-flex e-con e-child\" data-id=\"8b82af1\" data-element_type=\"container\">\n\t\t\t\t<div class=\"elementor-element elementor-element-c70c6c1 elementor-widget elementor-widget-text-editor\" data-id=\"c70c6c1\" data-element_type=\"widget\" data-widget_type=\"text-editor.default\">\n\t\t\t\t<div class=\"elementor-widget-container\">\n\t\t\t\t\t\t\t\t\t<p><b>Mat\u00edas Nahuel Cichero G\u00f3mez<\/b><\/p>\n<p><b>&nbsp;<\/b><\/p>\n<p>Born on September 14, 1993, in Buenos Aires, Argentina, he holds a degree in Industrial Design. After completing his studies, he embarked on a journey with no return, moving away from the material form to delve into words and thought. His passion for languages, culture, and stories is fueled by his persistent curiosity and critical thinking. As he claims, a journey can be either physical or mental, as well as dynamic or static. Cultural immersion and living experiences are his ways of traveling.<\/p>\n<p>He defines himself as \"a hunter of stories.\"<br>Through his writings, he invites us to see life as a dreamlike adventure. His fascination with Siberia was born from a romantic encounter, which he recounted in his letter \u201cFive days in Siberia\u201d, an experience that forever changed his perspective on traveling.<\/p>\n<p>The publication of the trilogy \u201cThe Year That Was Three\u201d was postponed by the author himself, as he began hosting and helping those affected by the war between Russia and Ukraine. He publishes about his travels in both Spanish and English.<\/p>\t\t\t\t\t\t\t\t<\/div>\n\t\t\t\t<\/div>\n\t\t\t\t<\/div>\n\t\t\t\t\t<\/div>\n\t\t\t\t<\/div>\n\t\t\t\t<\/div>","protected":false},"excerpt":{"rendered":"<p>Mat\u00edas Nahuel Cichero G\u00f3mez &nbsp; Nacido el 14 de septiembre de 1993 en Buenos Aires, Argentina. Es licenciado en dise\u00f1o industrial. Tras concluir sus estudios, emprendi\u00f3 un viaje sin retorno que lo alej\u00f3 de la materia y la forma para adentrarse en la palabra y el pensamiento. Su pasi\u00f3n por los idiomas, la cultura y &hellip; <\/p>\n<p class=\"link-more\"><a href=\"https:\/\/dviewpoint.com\/en\/sobre-mi\/\" class=\"more-link\">Read more<span class=\"screen-reader-text\"> &#8220;Sobre m\u00ed&#8221;<\/span><\/a><\/p>","protected":false},"author":1,"featured_media":0,"parent":0,"menu_order":0,"comment_status":"closed","ping_status":"closed","template":"","meta":{"footnotes":""},"class_list":["post-267","page","type-page","status-publish","hentry"],"_links":{"self":[{"href":"https:\/\/dviewpoint.com\/en\/wp-json\/wp\/v2\/pages\/267"}],"collection":[{"href":"https:\/\/dviewpoint.com\/en\/wp-json\/wp\/v2\/pages"}],"about":[{"href":"https:\/\/dviewpoint.com\/en\/wp-json\/wp\/v2\/types\/page"}],"author":[{"embeddable":true,"href":"https:\/\/dviewpoint.com\/en\/wp-json\/wp\/v2\/users\/1"}],"replies":[{"embeddable":true,"href":"https:\/\/dviewpoint.com\/en\/wp-json\/wp\/v2\/comments?post=267"}],"version-history":[{"count":31,"href":"https:\/\/dviewpoint.com\/en\/wp-json\/wp\/v2\/pages\/267\/revisions"}],"predecessor-version":[{"id":532,"href":"https:\/\/dviewpoint.com\/en\/wp-json\/wp\/v2\/pages\/267\/revisions\/532"}],"wp:attachment":[{"href":"https:\/\/dviewpoint.com\/en\/wp-json\/wp\/v2\/media?parent=267"}],"curies":[{"name":"wp","href":"https:\/\/api.w.org\/{rel}","templated":true}]}}