{"id":299,"date":"2024-08-14T12:24:13","date_gmt":"2024-08-14T10:24:13","guid":{"rendered":"https:\/\/dviewpoint.com\/?page_id=299"},"modified":"2024-10-14T17:37:50","modified_gmt":"2024-10-14T15:37:50","slug":"la-busqueda","status":"publish","type":"page","link":"https:\/\/dviewpoint.com\/en\/la-busqueda\/","title":{"rendered":"EL A\u00d1O QUE FUERON TRES (La B\u00fasqueda)"},"content":{"rendered":"<div data-elementor-type=\"wp-page\" data-elementor-id=\"299\" class=\"elementor elementor-299\">\n\t\t\t\t<div class=\"elementor-element elementor-element-2d53b25 e-flex e-con-boxed e-con e-parent\" data-id=\"2d53b25\" data-element_type=\"container\">\n\t\t\t\t\t<div class=\"e-con-inner\">\n\t\t\t\t<div class=\"elementor-element elementor-element-75d6226 elementor-widget__width-initial elementor-widget elementor-widget-text-editor\" data-id=\"75d6226\" data-element_type=\"widget\" data-widget_type=\"text-editor.default\">\n\t\t\t\t<div class=\"elementor-widget-container\">\n\t\t\t\t\t\t\t\t\t<p><strong><em>The Search<\/em><\/strong>, the first book of the trilogy<em> <strong>The year that was three<\/strong> <\/em>by Mat\u00edas Nahuel Cichero G\u00f3mez, invites readers to delve into a timeless journey where the boundaries between the real and the imaginary dissolve into countless moments shared with strangers.<br \/><br \/>The protagonist, overwhelmed by the potential collapse of an imposed world, will embark against the current. As he moves forward, the path will blur before his eyes in a constant debate between the apparent and the essential, between the perception of the \"self\" and the \"others.\" <br \/><br \/>Crossing borders from Iberia to Siberia, and trusting fully in his intuition, he will stumble upon signs that will help him uncover his path. The illusion of time, like the fear of death, will become insignificant in the face of the magnitude of a life lived with purpose.<br \/><br \/>Our experiences, memories, and dreams become threads that intertwine and expand with those of others, adding vibrancy to the vast tapestry that envelops and passes through us, called the universe... Reminding us that we are small, yet immense at the same time.<br \/><br \/>Every <em>search<\/em>like every <em>adventure<\/em>, begins with a last-minute decision:<br \/>to leap into the abyss, to face the uncertainty that dwells within us and keeps us away from our most dreamlike desires.<\/p>\t\t\t\t\t\t\t\t<\/div>\n\t\t\t\t<\/div>\n\t\t\t\t\t<\/div>\n\t\t\t\t<\/div>\n\t\t\t\t<\/div>","protected":false},"excerpt":{"rendered":"<p>La B\u00fasqueda, el primer libro de la trilog\u00eda El a\u00f1o que fueron tres de Mat\u00edas Nahuel Cichero G\u00f3mez, invita a profundizar en un viaje atemporal donde las fronteras de lo real y lo imaginario se desvanecen en un sinf\u00edn de momentos compartidos con desconocidos. El protagonista, abrumado por el posible colapso de un mundo impuesto, &hellip; <\/p>\n<p class=\"link-more\"><a href=\"https:\/\/dviewpoint.com\/en\/la-busqueda\/\" class=\"more-link\">Read more<span class=\"screen-reader-text\"> &#8220;EL A\u00d1O QUE FUERON TRES (La B\u00fasqueda)&#8221;<\/span><\/a><\/p>","protected":false},"author":1,"featured_media":0,"parent":0,"menu_order":0,"comment_status":"closed","ping_status":"closed","template":"","meta":{"footnotes":""},"class_list":["post-299","page","type-page","status-publish","hentry"],"_links":{"self":[{"href":"https:\/\/dviewpoint.com\/en\/wp-json\/wp\/v2\/pages\/299"}],"collection":[{"href":"https:\/\/dviewpoint.com\/en\/wp-json\/wp\/v2\/pages"}],"about":[{"href":"https:\/\/dviewpoint.com\/en\/wp-json\/wp\/v2\/types\/page"}],"author":[{"embeddable":true,"href":"https:\/\/dviewpoint.com\/en\/wp-json\/wp\/v2\/users\/1"}],"replies":[{"embeddable":true,"href":"https:\/\/dviewpoint.com\/en\/wp-json\/wp\/v2\/comments?post=299"}],"version-history":[{"count":13,"href":"https:\/\/dviewpoint.com\/en\/wp-json\/wp\/v2\/pages\/299\/revisions"}],"predecessor-version":[{"id":617,"href":"https:\/\/dviewpoint.com\/en\/wp-json\/wp\/v2\/pages\/299\/revisions\/617"}],"wp:attachment":[{"href":"https:\/\/dviewpoint.com\/en\/wp-json\/wp\/v2\/media?parent=299"}],"curies":[{"name":"wp","href":"https:\/\/api.w.org\/{rel}","templated":true}]}}